{"id":11324,"date":"2024-03-30T09:11:00","date_gmt":"2024-03-30T08:11:00","guid":{"rendered":"http:\/\/2024.ra-denes.de\/?page_id=11324"},"modified":"2025-07-02T15:18:56","modified_gmt":"2025-07-02T13:18:56","slug":"impressum-und-rechtliches","status":"publish","type":"page","link":"https:\/\/ra-denes.de\/en\/impressum-und-rechtliches\/","title":{"rendered":"Kontaktangaben und Impressum"},"content":{"rendered":"<div data-elementor-type=\"wp-page\" data-elementor-id=\"11324\" class=\"elementor elementor-11324\">\n\t\t\t\t\t\t\t<div class=\"elementor-element elementor-element-3544f37e e-flex e-con-boxed e-con e-parent\" data-id=\"3544f37e\" data-element_type=\"container\" data-settings=\"{&quot;content_width&quot;:&quot;boxed&quot;}\" data-core-v316-plus=\"true\">\n\t\t\t\t\t<div class=\"e-con-inner\">\n\t\t\t\t<div class=\"elementor-element elementor-element-51bb8674 elementor-widget elementor-widget-text-editor\" data-id=\"51bb8674\" data-element_type=\"widget\" data-widget_type=\"text-editor.default\">\n\t\t\t\t<div class=\"elementor-widget-container\">\n\t\t\t<style>\/*! elementor - v3.17.0 - 08-11-2023 *\/\n.elementor-widget-text-editor.elementor-drop-cap-view-stacked .elementor-drop-cap{background-color:#69727d;color:#fff}.elementor-widget-text-editor.elementor-drop-cap-view-framed .elementor-drop-cap{color:#69727d;border:3px solid;background-color:transparent}.elementor-widget-text-editor:not(.elementor-drop-cap-view-default) .elementor-drop-cap{margin-top:8px}.elementor-widget-text-editor:not(.elementor-drop-cap-view-default) .elementor-drop-cap-letter{width:1em;height:1em}.elementor-widget-text-editor .elementor-drop-cap{float:left;text-align:center;line-height:1;font-size:50px}.elementor-widget-text-editor .elementor-drop-cap-letter{display:inline-block}<\/style>\t\t\t\t<!-- wp:heading {\"level\":4} -->\n<h4 class=\"wp-block-heading\">Office<\/h4>\n<!-- \/wp:heading --><!-- wp:paragraph -->\n<p>Kurf\u00fcrstendamm 194<br \/>D-10707 Berlin<\/p>\n<!-- \/wp:paragraph --><!-- wp:heading {\"level\":4} -->\n<h4 class=\"wp-block-heading\">Angaben zur Berufshaftpflichtversicherung:<\/h4>\n<!-- \/wp:heading --><!-- wp:paragraph -->\n<p>Die Berufshaftpflichtversicherung mit bundesweiter und \u2013 eingeschr\u00e4nkt \u2013 europaweiter Geltung besteht \u00fcber die Gothaer Versicherung AG. <br \/>Umsatzsteuer-Identifikations-Nr.: DE 282 193 208<br \/>Zust\u00e4ndige Rechtsanwaltskammer ist die RAK Berlin. Die Anschrift der Kammer finden sich unter <a href=\"http:\/\/www.rak-berlin.de\" target=\"_blank\" rel=\"noreferrer noopener\">www.rak-berlin.de<\/a>.<\/p>\n<!-- \/wp:paragraph --><!-- wp:paragraph -->\n<p>Ich bin als Rechtsanwalt in der Bundesrepublik Deutschland zugelassen.<\/p>\n<!-- \/wp:paragraph --><!-- wp:paragraph -->\n<p>Die ma\u00dfgeblichen berufsrechtlichen Regelungen sind u.a. die Bundesrechtsanwaltsordnung, die Berufsordnung, das Rechtsanwaltsverg\u00fctungsgesetz und die Berufsregeln der Rechtsanw\u00e4lte der Europ\u00e4ischen Union. Sie finden sich unter <a href=\"http:\/\/www.brak.de\" target=\"_blank\" rel=\"noreferrer noopener\">http:\/\/www.brak.de<\/a>.<\/p>\n<!-- \/wp:paragraph --><!-- wp:heading {\"level\":4} -->\n<h4 class=\"wp-block-heading\">Angaben gem\u00e4\u00df \u00a7\u00a7 5 und 6 DDG:<\/h4>\n<!-- \/wp:heading --><!-- wp:paragraph -->\n<p>Rechtsanwalt Adam Denes<br \/>Kurf\u00fcrstendamm 194<br \/>10707 Berlin<\/p>\n<!-- \/wp:paragraph --><!-- wp:heading {\"level\":4} -->\n<h4 class=\"wp-block-heading\">Contact<\/h4>\n<!-- \/wp:heading --><!-- wp:paragraph -->\n<p>Telefon: +49 (0)30 391 13 75<br \/>Mobil: +49 (0)172 314 22 27<br \/>E-Mail: denes@ra-denes.de<\/p>\n<!-- \/wp:paragraph --><!-- wp:heading {\"level\":4} -->\n<h4 class=\"wp-block-heading\">Verantwortlich f\u00fcr den Inhalt nach \u00a7 18 Abs. 1 Medienstaatsvertrag<\/h4>\n<!-- \/wp:heading --><!-- wp:paragraph -->\n<p>Ich bin nicht bereit oder verpflichtet, an Streitbeilegungsverfahren vor einer Verbraucherschlichtungsstelle teilzunehmen.<\/p>\n<!-- \/wp:paragraph --><!-- wp:heading {\"level\":4} -->\n<h4 class=\"wp-block-heading\">Haftung f\u00fcr Inhalte<\/h4>\n<!-- \/wp:heading --><!-- wp:paragraph -->\n<p>Rechtsanwalt Adam Denes<\/p>\n<!-- \/wp:paragraph --><!-- wp:paragraph -->\n<p>Als Diensteanbieter bin ich gem\u00e4\u00df \u00a7 7 DDG in Verbindung mit Art. 4 der Verordnung (EU) 2022\/2065 f\u00fcr eigene Inhalte auf diesen Seiten nach den allgemeinen Gesetzen verantwortlich. Nach \u00a7 7 DDG in Verbindung mit Art. 8 der Verordnung (EU) 2022\/2065 bin ich als Diensteanbieter jedoch nicht verpflichtet, \u00fcbermittelte oder gespeicherte fremde Informationen zu \u00fcberwachen oder nach Umst\u00e4nden zu forschen, die auf eine rechtswidrige T\u00e4tigkeit hinweisen.<\/p>\n<!-- \/wp:paragraph --><!-- wp:paragraph -->\n<p>Verpflichtungen zur Entfernung oder Sperrung der Nutzung von Informationen nach den allgemeinen Gesetzen bleiben hiervon unber\u00fchrt. Eine diesbez\u00fcgliche Haftung ist jedoch erst ab dem Zeitpunkt der Kenntnis einer konkreten Rechtsverletzung m\u00f6glich. Bei Bekanntwerden von entsprechenden Rechtsverletzungen werde ich diese Inhalte umgehend entfernen.<\/p>\n<!-- \/wp:paragraph --><!-- wp:heading {\"level\":4} -->\n<h4 class=\"wp-block-heading\">Informationen und Haftung<\/h4>\n<!-- \/wp:heading --><!-- wp:paragraph -->\n<p>Ich habe alle Anstrengungen unternommen, um die Richtigkeit der auf diesen Webseiten enthaltenen Informationen und Links zu gew\u00e4hrleisten. Jedoch ist jegliche Haftung im Zusammenhang mit der Nutzung der Informationen, der Links oder dem Vertrauen auf deren Richtigkeit ausgeschlossen. Die auf diesen Webseiten und insbesondere im Mandantenbereich enthaltenen Informationen stellen keine Rechtsberatung dar.<\/p>\n<!-- \/wp:paragraph --><!-- wp:heading {\"level\":4} -->\n<h4 class=\"wp-block-heading\">Anwendbares Recht<\/h4>\n<!-- \/wp:heading --><!-- wp:paragraph -->\n<p>Die rechtlichen Hinweise auf dieser Seite sowie alle Fragen und Streitigkeiten im Zusammenhang mit dieser Webseite unterliegen dem Recht der Bundesrepublik Deutschland mit Ausnahme seiner kollisionrechtlichen Regelungen und dem UN-Kaufrecht.<\/p>\n<!-- \/wp:paragraph --><!-- wp:heading {\"level\":4} -->\n<h4 class=\"wp-block-heading\">Datenschutz<\/h4>\n<!-- \/wp:heading --><!-- wp:paragraph -->\n<p>Unter den oben angegebenen Kontaktdaten k\u00f6nnen Sie jederzeit folgende Rechte aus\u00fcben:<\/p>\n<!-- \/wp:paragraph --><!-- wp:list -->\n<ul class=\"wp-block-list\"><!-- wp:list-item -->\n<li>Auskunft \u00fcber Ihre bei mir gespeicherten Daten und deren Verarbeitung,<\/li>\n<!-- \/wp:list-item --><!-- wp:list-item -->\n<li>Berichtigung personenbezogener Daten,<\/li>\n<!-- \/wp:list-item --><!-- wp:list-item -->\n<li>L\u00f6schung Ihrer bei mir gespeicherten Daten,<\/li>\n<!-- \/wp:list-item --><!-- wp:list-item -->\n<li>Einschr\u00e4nkung der Datenverarbeitung, sofern ich Ihre Daten aufgrund gesetzlicher Pflichten noch nicht l\u00f6schen darf,<\/li>\n<!-- \/wp:list-item --><!-- wp:list-item -->\n<li>Widerspruch gegen die Verarbeitung Ihrer Daten bei mir und<\/li>\n<!-- \/wp:list-item --><!-- wp:list-item -->\n<li>\u00dcbertragbarkeit Ihrer Daten an Sie selbst oder an einen anderen Verantwortlichen, sofern Sie in die Datenverarbeitung eingewilligt haben oder einen Vertrag mit mir abgeschlossen haben.<\/li>\n<!-- \/wp:list-item --><\/ul>\n<!-- \/wp:list --><!-- wp:paragraph -->\n<p>Sofern Sie mir eine Einwilligung erteilt haben, k\u00f6nnen Sie diese jederzeit mit Wirkung f\u00fcr die Zukunft widerrufen.<\/p>\n<!-- \/wp:paragraph --><!-- wp:paragraph -->\n<p>Die Aus\u00fcbung dieser Rechte ist f\u00fcr Sie jederzeit und kostenfrei m\u00f6glich.<\/p>\n<!-- \/wp:paragraph --><!-- wp:paragraph -->\n<p>Sie k\u00f6nnen sich jederzeit mit einer Beschwerde an die f\u00fcr Sie zust\u00e4ndige Aufsichtsbeh\u00f6rde wenden. Ihre zust\u00e4ndige Aufsichtsbeh\u00f6rde richtet sich nach dem Bundesland Ihres Wohnsitzes, Ihrer Arbeit oder der mutma\u00dflichen Verletzung. Eine Liste der Aufsichtsbeh\u00f6rden (f\u00fcr den nicht\u00f6ffentlichen Bereich) mit Anschrift finden Sie unter:<\/p>\n<!-- \/wp:paragraph --><!-- wp:embed {\"url\":\"https:\/\/www.bfdi.bund.de\/DE\/Infothek\/Anschriften_Links\/anschriften_links-node.html.\"} -->\n<figure class=\"wp-block-embed\">\n<div class=\"wp-block-embed__wrapper\">https:\/\/www.bfdi.bund.de\/DE\/Infothek\/Anschriften_Links\/anschriften_links-node.html.<\/div>\n<\/figure>\n<!-- \/wp:embed --><!-- wp:heading {\"level\":4} -->\n<h4 class=\"wp-block-heading\">Zwecke der Datenverarbeitung<\/h4>\n<!-- \/wp:heading --><!-- wp:paragraph -->\n<p>Ich verarbeite Ihre personenbezogenen Daten nur zu den in dieser Datenschutzerkl\u00e4rung genannten Zwecken. Eine \u00dcbermittlung Ihrer pers\u00f6n\u00adlichen Daten an Dritte zu anderen als den genannten Zwecken findet nicht statt. Ich gebe Ihre pers\u00f6nlichen Daten nur an Dritte weiter, wenn:<\/p>\n<!-- \/wp:paragraph --><!-- wp:list -->\n<ul class=\"wp-block-list\"><!-- wp:list-item -->\n<li>Sie Ihre ausdr\u00fcckliche Einwilligung dazu erteilt haben,<\/li>\n<!-- \/wp:list-item --><!-- wp:list-item -->\n<li>die Verarbeitung zur Abwicklung eines Vertrags mit Ihnen erforderlich ist,<\/li>\n<!-- \/wp:list-item --><!-- wp:list-item -->\n<li>die Verarbeitung zur Erf\u00fcllung einer rechtlichen Verpflichtung erforderlich ist,<\/li>\n<!-- \/wp:list-item --><\/ul>\n<!-- \/wp:list --><!-- wp:paragraph -->\n<p>die Verarbeitung zur Wahrung berechtigter Interessen erforderlich ist und kein Grund zur Annahme besteht, dass Sie ein \u00fcberwiegendes schutzw\u00fcrdiges Interesse an der Nichtweitergabe Ihrer Daten haben.<\/p>\n<!-- \/wp:paragraph --><!-- wp:heading {\"level\":4} -->\n<h4 class=\"wp-block-heading\">Bildmaterial<\/h4>\n<!-- \/wp:heading --><!-- wp:list -->\n<ul class=\"wp-block-list\"><!-- wp:list-item -->\n<li>Stra\u00dfe bei Nacht: pixabay.com\/stocksnap<\/li>\n<!-- \/wp:list-item --><!-- wp:list-item -->\n<li>Brandenburger Tor: iStock.com\/golero, http:\/\/heinerkraft.com<\/li>\n<!-- \/wp:list-item --><!-- wp:list-item -->\n<li>Friedrichstra\u00dfe: iStock.com\/queerbeet<\/li>\n<!-- \/wp:list-item --><!-- wp:list-item -->\n<li>Potsdamer Platz (1; Froschperspektive): iStock.com\/AndreasWeber<\/li>\n<!-- \/wp:list-item --><!-- wp:list-item -->\n<li>Potsdamer Platz (2; Autofahrerperspektive): iStock.com\/martin-dm https:\/\/www.instagram.com\/martin77bg\/<\/li>\n<!-- \/wp:list-item --><!-- wp:list-item -->\n<li>Oberbaumbr\u00fccke: iStock.com\/golero, http:\/\/heinerkraft.com<\/li>\n<!-- \/wp:list-item --><!-- wp:list-item -->\n<li>Ku\u2019Damm mit Ged\u00e4chtniskirche: iStock.com\/queerbeet<\/li>\n<!-- \/wp:list-item --><!-- wp:list-item -->\n<li>BER Terminal: iStock.com\/ pHanfPhotography<\/li>\n<!-- \/wp:list-item --><!-- wp:list-item -->\n<li>Portraits: Vivian Werk\/Photografic (<a href=\"http:\/\/www.photografic-berlin.de\/\">www.photografic-berlin.de<\/a>)<\/li>\n<!-- \/wp:list-item --><\/ul>\n<!-- \/wp:list --><!-- wp:paragraph -->\n<p>\u00a0<\/p>\n<!-- \/wp:paragraph --><!-- wp:heading {\"level\":4} -->\n<h4 class=\"wp-block-heading\">Webseite erstellt durch<\/h4>\n<!-- \/wp:heading --><!-- wp:paragraph -->\n<p><a href=\"https:\/\/okpaula.de\" target=\"_blank\" rel=\"noreferrer noopener\">OK Paula! UG \u2013 Sch\u00f6ne Webseiten!<\/a><\/p>\n<!-- \/wp:paragraph --><!-- wp:paragraph -->\n<p>\u00a0<\/p>\n<!-- \/wp:paragraph -->\t\t\t\t\t\t<\/div>\n\t\t\t\t<\/div>\n\t\t\t\t\t<\/div>\n\t\t\t\t<\/div>\n\t\t\t\t\t\t\t<\/div>","protected":false},"excerpt":{"rendered":"<p>B\u00fcro Kurf\u00fcrstendamm 194D-10707 Berlin Angaben zur Berufshaftpflichtversicherung: Die Berufshaftpflichtversicherung mit bundesweiter und \u2013 eingeschr\u00e4nkt \u2013 europaweiter Geltung besteht \u00fcber die Gothaer Versicherung AG. Umsatzsteuer-Identifikations-Nr.: DE 282 193 208Zust\u00e4ndige Rechtsanwaltskammer ist die RAK Berlin. Die Anschrift der Kammer finden sich unter www.rak-berlin.de. Ich bin als Rechtsanwalt in der Bundesrepublik Deutschland zugelassen. Die ma\u00dfgeblichen berufsrechtlichen Regelungen sind [&hellip;]<\/p>","protected":false},"author":1,"featured_media":0,"parent":0,"menu_order":0,"comment_status":"closed","ping_status":"closed","template":"","meta":{"footnotes":""},"class_list":["post-11324","page","type-page","status-publish","hentry"],"_links":{"self":[{"href":"https:\/\/ra-denes.de\/en\/wp-json\/wp\/v2\/pages\/11324","targetHints":{"allow":["GET"]}}],"collection":[{"href":"https:\/\/ra-denes.de\/en\/wp-json\/wp\/v2\/pages"}],"about":[{"href":"https:\/\/ra-denes.de\/en\/wp-json\/wp\/v2\/types\/page"}],"author":[{"embeddable":true,"href":"https:\/\/ra-denes.de\/en\/wp-json\/wp\/v2\/users\/1"}],"replies":[{"embeddable":true,"href":"https:\/\/ra-denes.de\/en\/wp-json\/wp\/v2\/comments?post=11324"}],"version-history":[{"count":12,"href":"https:\/\/ra-denes.de\/en\/wp-json\/wp\/v2\/pages\/11324\/revisions"}],"predecessor-version":[{"id":11426,"href":"https:\/\/ra-denes.de\/en\/wp-json\/wp\/v2\/pages\/11324\/revisions\/11426"}],"wp:attachment":[{"href":"https:\/\/ra-denes.de\/en\/wp-json\/wp\/v2\/media?parent=11324"}],"curies":[{"name":"wp","href":"https:\/\/api.w.org\/{rel}","templated":true}]}}